{"id":2358,"date":"2021-11-18T18:25:22","date_gmt":"2021-11-18T18:25:22","guid":{"rendered":"https:\/\/flexlinkllc.com\/nous-contacter\/"},"modified":"2021-12-15T20:12:23","modified_gmt":"2021-12-15T20:12:23","slug":"nous-contacter","status":"publish","type":"page","link":"https:\/\/flexlinkllc.com\/fr\/nous-contacter\/","title":{"rendered":"Contactez-nous"},"content":{"rendered":"<p><div class=\"fusion-fullwidth fullwidth-box fusion-builder-row-1 fusion-flex-container fusion-parallax-none subpage-hero hundred-percent-fullwidth hundred-percent-height hundred-percent-height-center-content non-hundred-percent-height-scrolling\" style=\"background-color: rgba(0,0,0,0.41);background-image: url(&quot;https:\/\/flexlinkllc.com\/wp-content\/uploads\/2021\/01\/contact-us.jpg&quot;);background-position: center center;background-repeat: no-repeat;background-blend-mode: overlay;border-width: 0px 0px 0px 0px;border-color:#eae9e9;border-style:solid;-webkit-background-size:cover;-moz-background-size:cover;-o-background-size:cover;background-size:cover;\" ><div class=\"fusion-builder-row fusion-row fusion-flex-align-items-flex-start\" style=\"width:104% !important;max-width:104% !important;margin-left: calc(-4% \/ 2 );margin-right: calc(-4% \/ 2 );\"><div class=\"fusion-layout-column fusion_builder_column fusion-builder-column-0 fusion_builder_column_1_1 1_1 fusion-flex-column\"><div class=\"fusion-column-wrapper fusion-flex-justify-content-flex-start fusion-content-layout-column\" style=\"background-position:left top;background-repeat:no-repeat;-webkit-background-size:cover;-moz-background-size:cover;-o-background-size:cover;background-size:cover;padding: 0px 0px 0px 0px;\"><style type=\"text\/css\">@media only screen and (max-width:1024px) {.fusion-title.fusion-title-1{margin-top:24px!important; margin-right:0px!important;margin-bottom:24px!important;margin-left:0px!important;}}@media only screen and (max-width:640px) {.fusion-title.fusion-title-1{margin-top:20px!important; margin-right:0px!important;margin-bottom:20px!important; margin-left:0px!important;}}<\/style><div class=\"fusion-title title fusion-title-1 fusion-sep-none fusion-title-center fusion-title-text fusion-title-size-two\" style=\"margin-top:24px;margin-right:0px;margin-bottom:24px;margin-left:0px;\"><h2 class=\"title-heading-center fusion-responsive-typography-calculated\" style=\"margin:0;--fontSize:60;line-height:1.17;\">Contactez-nous<\/h2><\/div><\/div><style type=\"text\/css\">.fusion-body .fusion-builder-column-0{width:100% !important;margin-top : 0px;margin-bottom : 0px;}.fusion-builder-column-0 > .fusion-column-wrapper {padding-top : 0px !important;padding-right : 0px !important;margin-right : 1.92%;padding-bottom : 0px !important;padding-left : 0px !important;margin-left : 1.92%;}@media only screen and (max-width:1024px) {.fusion-body .fusion-builder-column-0{width:100% !important;order : 0;}.fusion-builder-column-0 > .fusion-column-wrapper {margin-right : 1.92%;margin-left : 1.92%;}}@media only screen and (max-width:640px) {.fusion-body .fusion-builder-column-0{width:100% !important;order : 0;}.fusion-builder-column-0 > .fusion-column-wrapper {margin-right : 1.92%;margin-left : 1.92%;}}<\/style><\/div><\/div><style type=\"text\/css\">.fusion-body .fusion-flex-container.fusion-builder-row-1{ padding-top : 0px;margin-top : 0px;padding-right : 0px;padding-bottom : 0px;margin-bottom : 0px;padding-left : 0px;}<\/style><\/div><div class=\"fusion-fullwidth fullwidth-box fusion-builder-row-2 fusion-flex-container nonhundred-percent-fullwidth non-hundred-percent-height-scrolling\" style=\"background-color: rgba(255,255,255,0);background-position: left top;background-repeat: no-repeat;border-width: 0px 0px 0px 0px;border-color:#eae9e9;border-style:solid;\" ><div class=\"fusion-builder-row fusion-row fusion-flex-align-items-center\" style=\"max-width:1216.8px;margin-left: calc(-4% \/ 2 );margin-right: calc(-4% \/ 2 );\"><div class=\"fusion-layout-column fusion_builder_column fusion-builder-column-1 fusion_builder_column_1_1 1_1 fusion-flex-column\"><div class=\"fusion-column-wrapper fusion-flex-justify-content-flex-start fusion-content-layout-column\" style=\"background-position:left top;background-repeat:no-repeat;-webkit-background-size:cover;-moz-background-size:cover;-o-background-size:cover;background-size:cover;padding: 0px 0px 0px 0px;\"><div class=\"fusion-text fusion-text-1\"><h3>Contactez Flexlink D\u00e8s Aujourd&rsquo;hui<\/h3>\n<\/div><div ><span class=\" fusion-imageframe imageframe-none imageframe-1 hover-type-none\" style=\"margin-bottom:15px;\"><img decoding=\"async\" width=\"30\" height=\"16\" title=\"divide\" src=\"https:\/\/flexlinkllc.com\/wp-content\/uploads\/2016\/07\/divide.png\" class=\"img-responsive wp-image-1680\"\/><\/span><\/div><\/div><style type=\"text\/css\">.fusion-body .fusion-builder-column-1{width:100% !important;margin-top : 0px;margin-bottom : 0px;}.fusion-builder-column-1 > .fusion-column-wrapper {padding-top : 0px !important;padding-right : 0px !important;margin-right : 1.92%;padding-bottom : 0px !important;padding-left : 0px !important;margin-left : 1.92%;}@media only screen and (max-width:1024px) {.fusion-body .fusion-builder-column-1{width:100% !important;order : 0;}.fusion-builder-column-1 > .fusion-column-wrapper {margin-right : 1.92%;margin-left : 1.92%;}}@media only screen and (max-width:640px) {.fusion-body .fusion-builder-column-1{width:100% !important;order : 0;}.fusion-builder-column-1 > .fusion-column-wrapper {margin-right : 1.92%;margin-left : 1.92%;}}<\/style><\/div><div class=\"fusion-layout-column fusion_builder_column fusion-builder-column-2 fusion_builder_column_4_5 4_5 fusion-flex-column\"><div class=\"fusion-column-wrapper fusion-flex-justify-content-center fusion-content-layout-column\" style=\"background-position:left top;background-repeat:no-repeat;-webkit-background-size:cover;-moz-background-size:cover;-o-background-size:cover;background-size:cover;padding: 0px 0px 0px 0px;\"><div class=\"fusion-text fusion-text-2\"><p><span class=\"fusion-dropcap dropcap dropcap-boxed\" style=\"border-radius:50%;\">V<\/span>ous avez une question sur vos besoins en mati\u00e8re de papier sp\u00e9cial, de pellicule ou de laminage? Contactez-nous pour que nous puissions vous aider \u00e0 trouver une bonne solution. Si nous ne pouvons pas vous aider directement, nous vous trouverons une ressource qui le pourra.<\/p>\n<ul>\n<li><b>Appelez-nous: <a href=\"tel:2162836107\">(216) 283\u20136107<\/a><\/b> or<\/li>\n<li><b>Faxez-nous: (216) 283\u20136108<\/b><\/li>\n<\/ul>\n<\/div><\/div><style type=\"text\/css\">.fusion-body .fusion-builder-column-2{width:80% !important;margin-top : 0px;margin-bottom : 0px;}.fusion-builder-column-2 > .fusion-column-wrapper {padding-top : 0px !important;padding-right : 0px !important;margin-right : 2.4%;padding-bottom : 0px !important;padding-left : 0px !important;margin-left : 2.4%;}@media only screen and (max-width:1024px) {.fusion-body .fusion-builder-column-2{width:100% !important;}.fusion-builder-column-2 > .fusion-column-wrapper {margin-right : 1.92%;margin-left : 1.92%;}}@media only screen and (max-width:640px) {.fusion-body .fusion-builder-column-2{width:100% !important;}.fusion-builder-column-2 > .fusion-column-wrapper {margin-right : 1.92%;margin-left : 1.92%;}}<\/style><\/div><div class=\"fusion-layout-column fusion_builder_column fusion-builder-column-3 fusion_builder_column_4_5 4_5 fusion-flex-column\"><div class=\"fusion-column-wrapper fusion-flex-justify-content-center fusion-content-layout-column\" style=\"background-position:left top;background-repeat:no-repeat;-webkit-background-size:cover;-moz-background-size:cover;-o-background-size:cover;background-size:cover;padding: 0px 0px 0px 0px;\"><style type=\"text\/css\">@media only screen and (max-width:1024px) {.fusion-title.fusion-title-2{margin-top:24px!important; margin-right:0px!important;margin-bottom:24px!important;margin-left:0px!important;}}@media only screen and (max-width:640px) {.fusion-title.fusion-title-2{margin-top:20px!important; margin-right:0px!important;margin-bottom:20px!important; margin-left:0px!important;}}<\/style><div class=\"fusion-title title fusion-title-2 fusion-sep-none fusion-title-text fusion-title-size-four\" style=\"margin-top:24px;margin-right:0px;margin-bottom:24px;margin-left:0px;\"><h4 class=\"title-heading-left fusion-responsive-typography-calculated\" style=\"margin:0;--fontSize:30;line-height:1.5;\">Vous pr\u00e9f\u00e9rez que Flexlink vous contacte?<\/h4><\/div><div ><span class=\" fusion-imageframe imageframe-none imageframe-2 hover-type-none\" style=\"margin-bottom:15px;\"><img decoding=\"async\" width=\"30\" height=\"16\" title=\"divide\" src=\"https:\/\/flexlinkllc.com\/wp-content\/uploads\/2016\/07\/divide.png\" class=\"img-responsive wp-image-1680\"\/><\/span><\/div><div class=\"fusion-text fusion-text-3\"><p>Veuillez remplir les informations demand\u00e9es ci-dessous. Nous vous contacterons dans un d\u00e9lai d&rsquo;un jour ouvrable pour vous proposer des \u00e9chantillons de produits ou des informations techniques ou bien pour mettre en place une \u00e9valuation des besoins si vous n&rsquo;\u00eates pas s\u00fbr du type de produit dont vous avez besoin.<\/p>\n<\/div><div class=\"fusion-text fusion-text-4\">\n\t\t\t\t\t\t<script>\n\t\t\t\t\t\t\twindow.hsFormsOnReady = window.hsFormsOnReady || [];\n\t\t\t\t\t\t\twindow.hsFormsOnReady.push(()=>{\n\t\t\t\t\t\t\t\thbspt.forms.create({\n\t\t\t\t\t\t\t\t\tportalId: 6437720,\n\t\t\t\t\t\t\t\t\tformId: \"b80ef05e-0487-4302-a719-e0866be18cfa\",\n\t\t\t\t\t\t\t\t\ttarget: \"#hbspt-form-1775289071000-7821697276\",\n\t\t\t\t\t\t\t\t\tregion: \"\",\n\t\t\t\t\t\t\t\t\t\n\t\t\t\t\t\t\t})});\n\t\t\t\t\t\t<\/script>\n\t\t\t\t\t\t<div class=\"hbspt-form\" id=\"hbspt-form-1775289071000-7821697276\"><\/div>\n<\/div><\/div><style type=\"text\/css\">.fusion-body .fusion-builder-column-3{width:80% !important;margin-top : 0px;margin-bottom : 0px;}.fusion-builder-column-3 > .fusion-column-wrapper {padding-top : 0px !important;padding-right : 0px !important;margin-right : 2.4%;padding-bottom : 0px !important;padding-left : 0px !important;margin-left : 2.4%;}@media only screen and (max-width:1024px) {.fusion-body .fusion-builder-column-3{width:100% !important;}.fusion-builder-column-3 > .fusion-column-wrapper {margin-right : 1.92%;margin-left : 1.92%;}}@media only screen and (max-width:640px) {.fusion-body .fusion-builder-column-3{width:100% !important;}.fusion-builder-column-3 > .fusion-column-wrapper {margin-right : 1.92%;margin-left : 1.92%;}}<\/style><\/div><\/div><style type=\"text\/css\">.fusion-body .fusion-flex-container.fusion-builder-row-2{ padding-top : 100px;margin-top : 0px;padding-right : 0px;padding-bottom : 0px;margin-bottom : 0px;padding-left : 0px;}<\/style><\/div><div class=\"fusion-fullwidth fullwidth-box fusion-builder-row-3 fusion-flex-container top-page-images nonhundred-percent-fullwidth non-hundred-percent-height-scrolling\" style=\"background-color: rgba(255,255,255,0);background-position: left top;background-repeat: no-repeat;border-width: 0px 0px 0px 0px;border-color:#eae9e9;border-style:solid;\" ><div class=\"fusion-builder-row fusion-row fusion-flex-align-items-center\" style=\"max-width:1216.8px;margin-left: calc(-4% \/ 2 );margin-right: calc(-4% \/ 2 );\"><div class=\"fusion-layout-column fusion_builder_column fusion-builder-column-4 fusion_builder_column_1_3 1_3 fusion-flex-column\"><div class=\"fusion-column-wrapper fusion-flex-justify-content-center fusion-content-layout-column\" style=\"background-position:left top;background-repeat:no-repeat;-webkit-background-size:cover;-moz-background-size:cover;-o-background-size:cover;background-size:cover;padding: 0px 0px 0px 0px;\"><div class=\" md-text-align-center\" style=\"text-align:right;\"><span class=\" fusion-imageframe imageframe-none imageframe-3 hover-type-none\"><img decoding=\"async\" width=\"612\" height=\"458\" alt=\"Papier d\u00e9coup\u00e9 sur mesure pour vitre automobile\" title=\"Paper custom cut for industrial application\" src=\"https:\/\/flexlinkllc.com\/wp-content\/uploads\/2021\/01\/img_contact_01.jpg\" class=\"img-responsive wp-image-2028\" srcset=\"https:\/\/flexlinkllc.com\/wp-content\/uploads\/2021\/01\/img_contact_01-200x150.jpg 200w, https:\/\/flexlinkllc.com\/wp-content\/uploads\/2021\/01\/img_contact_01-400x299.jpg 400w, https:\/\/flexlinkllc.com\/wp-content\/uploads\/2021\/01\/img_contact_01-600x449.jpg 600w, https:\/\/flexlinkllc.com\/wp-content\/uploads\/2021\/01\/img_contact_01.jpg 612w\" sizes=\"(max-width: 1024px) 100vw, (max-width: 640px) 100vw, 400px\" \/><\/span><\/div><\/div><style type=\"text\/css\">.fusion-body .fusion-builder-column-4{width:33.333333333333% !important;margin-top : 0px;margin-bottom : 0px;}.fusion-builder-column-4 > .fusion-column-wrapper {padding-top : 0px !important;padding-right : 0px !important;margin-right : 5.76%;padding-bottom : 0px !important;padding-left : 0px !important;margin-left : 5.76%;}@media only screen and (max-width:1024px) {.fusion-body .fusion-builder-column-4{width:100% !important;}.fusion-builder-column-4 > .fusion-column-wrapper {margin-right : 1.92%;margin-left : 1.92%;}}@media only screen and (max-width:640px) {.fusion-body .fusion-builder-column-4{width:100% !important;}.fusion-builder-column-4 > .fusion-column-wrapper {margin-right : 1.92%;margin-left : 1.92%;}}<\/style><\/div><div class=\"fusion-layout-column fusion_builder_column fusion-builder-column-5 fusion_builder_column_1_3 1_3 fusion-flex-column\"><div class=\"fusion-column-wrapper fusion-flex-justify-content-center fusion-content-layout-column\" style=\"background-position:left top;background-repeat:no-repeat;-webkit-background-size:cover;-moz-background-size:cover;-o-background-size:cover;background-size:cover;padding: 0px 0px 0px 0px;\"><div class=\" md-text-align-center\" style=\"text-align:right;\"><span class=\" fusion-imageframe imageframe-none imageframe-4 hover-type-none\"><img decoding=\"async\" width=\"612\" height=\"458\" alt=\"Papier en cours de conversion\" title=\"Paper being converted\" src=\"https:\/\/flexlinkllc.com\/wp-content\/uploads\/2021\/01\/img_contact_03.jpg\" class=\"img-responsive wp-image-2031\" srcset=\"https:\/\/flexlinkllc.com\/wp-content\/uploads\/2021\/01\/img_contact_03-200x150.jpg 200w, https:\/\/flexlinkllc.com\/wp-content\/uploads\/2021\/01\/img_contact_03-400x299.jpg 400w, https:\/\/flexlinkllc.com\/wp-content\/uploads\/2021\/01\/img_contact_03-600x449.jpg 600w, https:\/\/flexlinkllc.com\/wp-content\/uploads\/2021\/01\/img_contact_03.jpg 612w\" sizes=\"(max-width: 1024px) 100vw, (max-width: 640px) 100vw, 400px\" \/><\/span><\/div><\/div><style type=\"text\/css\">.fusion-body .fusion-builder-column-5{width:33.333333333333% !important;margin-top : 0px;margin-bottom : 0px;}.fusion-builder-column-5 > .fusion-column-wrapper {padding-top : 0px !important;padding-right : 0px !important;margin-right : 5.76%;padding-bottom : 0px !important;padding-left : 0px !important;margin-left : 5.76%;}@media only screen and (max-width:1024px) {.fusion-body .fusion-builder-column-5{width:100% !important;}.fusion-builder-column-5 > .fusion-column-wrapper {margin-right : 1.92%;margin-left : 1.92%;}}@media only screen and (max-width:640px) {.fusion-body .fusion-builder-column-5{width:100% !important;}.fusion-builder-column-5 > .fusion-column-wrapper {margin-right : 1.92%;margin-left : 1.92%;}}<\/style><\/div><div class=\"fusion-layout-column fusion_builder_column fusion-builder-column-6 fusion_builder_column_1_3 1_3 fusion-flex-column\"><div class=\"fusion-column-wrapper fusion-flex-justify-content-center fusion-content-layout-column\" style=\"background-position:left top;background-repeat:no-repeat;-webkit-background-size:cover;-moz-background-size:cover;-o-background-size:cover;background-size:cover;padding: 0px 0px 0px 0px;\"><div class=\" md-text-align-center\" style=\"text-align:right;\"><span class=\" fusion-imageframe imageframe-none imageframe-5 hover-type-none\"><img decoding=\"async\" width=\"612\" height=\"458\" alt=\"Sacs VCI et papier VCI prot\u00e9geant la bobine d&#039;acier pr\u00eats \u00e0 \u00eatre exp\u00e9di\u00e9s\" title=\"VCI bags and VCI paper protecting steel coil ready for shipment\" src=\"https:\/\/flexlinkllc.com\/wp-content\/uploads\/2021\/01\/img_coil_packaging_03.jpg\" class=\"img-responsive wp-image-2106\" srcset=\"https:\/\/flexlinkllc.com\/wp-content\/uploads\/2021\/01\/img_coil_packaging_03-200x150.jpg 200w, https:\/\/flexlinkllc.com\/wp-content\/uploads\/2021\/01\/img_coil_packaging_03-400x299.jpg 400w, https:\/\/flexlinkllc.com\/wp-content\/uploads\/2021\/01\/img_coil_packaging_03-600x449.jpg 600w, https:\/\/flexlinkllc.com\/wp-content\/uploads\/2021\/01\/img_coil_packaging_03.jpg 612w\" sizes=\"(max-width: 1024px) 100vw, (max-width: 640px) 100vw, 400px\" \/><\/span><\/div><\/div><style type=\"text\/css\">.fusion-body .fusion-builder-column-6{width:33.333333333333% !important;margin-top : 0px;margin-bottom : 0px;}.fusion-builder-column-6 > .fusion-column-wrapper {padding-top : 0px !important;padding-right : 0px !important;margin-right : 5.76%;padding-bottom : 0px !important;padding-left : 0px !important;margin-left : 5.76%;}@media only screen and (max-width:1024px) {.fusion-body .fusion-builder-column-6{width:100% !important;}.fusion-builder-column-6 > .fusion-column-wrapper {margin-right : 1.92%;margin-left : 1.92%;}}@media only screen and (max-width:640px) {.fusion-body .fusion-builder-column-6{width:100% !important;}.fusion-builder-column-6 > .fusion-column-wrapper {margin-right : 1.92%;margin-left : 1.92%;}}<\/style><\/div><\/div><style type=\"text\/css\">.fusion-body .fusion-flex-container.fusion-builder-row-3{ padding-top : 100px;margin-top : 0px;padding-right : 0px;padding-bottom : 100px;margin-bottom : 0px;padding-left : 0px;}<\/style><\/div><\/p>\n","protected":false},"excerpt":{"rendered":"","protected":false},"author":1,"featured_media":0,"parent":0,"menu_order":0,"comment_status":"closed","ping_status":"closed","template":"100-width.php","meta":{"content-type":"","footnotes":""},"class_list":["post-2358","page","type-page","status-publish","hentry"],"aioseo_notices":[],"_links":{"self":[{"href":"https:\/\/flexlinkllc.com\/fr\/wp-json\/wp\/v2\/pages\/2358","targetHints":{"allow":["GET"]}}],"collection":[{"href":"https:\/\/flexlinkllc.com\/fr\/wp-json\/wp\/v2\/pages"}],"about":[{"href":"https:\/\/flexlinkllc.com\/fr\/wp-json\/wp\/v2\/types\/page"}],"author":[{"embeddable":true,"href":"https:\/\/flexlinkllc.com\/fr\/wp-json\/wp\/v2\/users\/1"}],"replies":[{"embeddable":true,"href":"https:\/\/flexlinkllc.com\/fr\/wp-json\/wp\/v2\/comments?post=2358"}],"version-history":[{"count":23,"href":"https:\/\/flexlinkllc.com\/fr\/wp-json\/wp\/v2\/pages\/2358\/revisions"}],"predecessor-version":[{"id":2615,"href":"https:\/\/flexlinkllc.com\/fr\/wp-json\/wp\/v2\/pages\/2358\/revisions\/2615"}],"wp:attachment":[{"href":"https:\/\/flexlinkllc.com\/fr\/wp-json\/wp\/v2\/media?parent=2358"}],"curies":[{"name":"wp","href":"https:\/\/api.w.org\/{rel}","templated":true}]}}